{"id":10,"date":"2023-05-25T09:40:13","date_gmt":"2023-05-25T07:40:13","guid":{"rendered":"https:\/\/hdb-albachten.de\/?page_id=10"},"modified":"2024-03-11T08:01:30","modified_gmt":"2024-03-11T07:01:30","slug":"ansprechpartner","status":"publish","type":"page","link":"https:\/\/hdb-albachten.de\/index.php\/ansprechpartner\/","title":{"rendered":"Ansprechpersonen"},"content":{"rendered":"\n<p>F\u00fcr <strong>vertragliche Angelegenheiten, Buchungen oder andere terminliche Absprachen rund um die Raumnutzung<\/strong> k\u00f6nnen Sie sich wenden an:<\/p>\n\n\n\n<div class=\"wp-block-media-text alignwide is-stacked-on-mobile is-vertically-aligned-center\" style=\"grid-template-columns:19% auto\"><figure class=\"wp-block-media-text__media\"><img loading=\"lazy\" decoding=\"async\" width=\"266\" height=\"400\" src=\"https:\/\/hdb-albachten.de\/wp-content\/uploads\/2023\/05\/Stefan_Toedtmann_2022.jpg\" alt=\"\" class=\"wp-image-680 size-full\" srcset=\"https:\/\/hdb-albachten.de\/wp-content\/uploads\/2023\/05\/Stefan_Toedtmann_2022.jpg 266w, https:\/\/hdb-albachten.de\/wp-content\/uploads\/2023\/05\/Stefan_Toedtmann_2022-200x300.jpg 200w\" sizes=\"auto, (max-width: 266px) 100vw, 266px\" \/><\/figure><div class=\"wp-block-media-text__content\">\n<h3 class=\"wp-block-heading\">Stefan Toedtmann<\/h3>\n\n\n\n<p><strong>Gesch\u00e4ftsf\u00fchrer<\/strong><br><a href=\"mailto:mail@hdb-albachten.de\" target=\"_blank\" rel=\"noreferrer noopener\">mail@hdb-albachten.de<\/a><br><br>Tel.: 02536 &#8211; 31 84 29, erreichbar<br>mittwochs und freitags zwischen<br>09.30-12.30 Uhr<\/p>\n<\/div><\/div>\n\n\n\n<div class=\"wp-block-media-text alignwide is-stacked-on-mobile is-vertically-aligned-center\" style=\"grid-template-columns:19% auto\"><figure class=\"wp-block-media-text__media\"><img loading=\"lazy\" decoding=\"async\" width=\"266\" height=\"400\" src=\"https:\/\/hdb-albachten.de\/wp-content\/uploads\/2023\/05\/Anke_Eggelsmann_2022.jpg\" alt=\"\" class=\"wp-image-681 size-full\" srcset=\"https:\/\/hdb-albachten.de\/wp-content\/uploads\/2023\/05\/Anke_Eggelsmann_2022.jpg 266w, https:\/\/hdb-albachten.de\/wp-content\/uploads\/2023\/05\/Anke_Eggelsmann_2022-200x300.jpg 200w\" sizes=\"auto, (max-width: 266px) 100vw, 266px\" \/><\/figure><div class=\"wp-block-media-text__content\">\n<h3 class=\"wp-block-heading\">Anke Eggelsmann<\/h3>\n\n\n\n<p><strong><strong>Betreuung der Vereine, Hausverwaltung<\/strong><\/strong><\/p>\n<\/div><\/div>\n\n\n\n<div style=\"height:100px\" aria-hidden=\"true\" class=\"wp-block-spacer\"><\/div>\n\n\n\n<p>Bei <strong>allgemeinen Fragen<\/strong> zum Haus der Begegnung, zu externen Kooperationen, und Einzelprojekten des Tr\u00e4gervereins geben Ihnen gerne Auskunft:<\/p>\n\n\n\n<div class=\"wp-block-media-text alignwide is-stacked-on-mobile is-vertically-aligned-center\" style=\"grid-template-columns:19% auto\"><figure class=\"wp-block-media-text__media\"><img loading=\"lazy\" decoding=\"async\" width=\"266\" height=\"400\" src=\"https:\/\/hdb-albachten.de\/wp-content\/uploads\/2023\/05\/Andreas_Dondrup_2022.jpg\" alt=\"\" class=\"wp-image-682 size-full\" srcset=\"https:\/\/hdb-albachten.de\/wp-content\/uploads\/2023\/05\/Andreas_Dondrup_2022.jpg 266w, https:\/\/hdb-albachten.de\/wp-content\/uploads\/2023\/05\/Andreas_Dondrup_2022-200x300.jpg 200w\" sizes=\"auto, (max-width: 266px) 100vw, 266px\" \/><\/figure><div class=\"wp-block-media-text__content\">\n<h3 class=\"wp-block-heading\">Andreas Dondrup<\/h3>\n\n\n\n<p><strong>Sprecher des Vorstands<\/strong><br><a href=\"mailto:dondrup@hdb-albachten.de\" target=\"_blank\" rel=\"noreferrer noopener\">dondrup@hdb-albachten.de<\/a><strong><strong><br><\/strong><\/strong><\/p>\n<\/div><\/div>\n\n\n\n<div style=\"height:100px\" aria-hidden=\"true\" class=\"wp-block-spacer\"><\/div>\n\n\n\n<p>Bei&nbsp;<strong>Planung &amp; Vorbereitung<\/strong>&nbsp;Ihrer Veranstaltung vor Ort sind Ihre Ansprechpartnerinnen:<\/p>\n\n\n\n<div class=\"wp-block-media-text alignwide is-stacked-on-mobile is-vertically-aligned-center\" style=\"grid-template-columns:19% auto\"><figure class=\"wp-block-media-text__media\"><img loading=\"lazy\" decoding=\"async\" width=\"532\" height=\"800\" src=\"https:\/\/hdb-albachten.de\/wp-content\/uploads\/2023\/06\/Doris_Hauphoff_2022.jpg\" alt=\"\" class=\"wp-image-1246 size-full\" srcset=\"https:\/\/hdb-albachten.de\/wp-content\/uploads\/2023\/06\/Doris_Hauphoff_2022.jpg 532w, https:\/\/hdb-albachten.de\/wp-content\/uploads\/2023\/06\/Doris_Hauphoff_2022-200x300.jpg 200w\" sizes=\"auto, (max-width: 532px) 100vw, 532px\" \/><\/figure><div class=\"wp-block-media-text__content\">\n<h3 class=\"wp-block-heading\">Doris Hauphoff<\/h3>\n\n\n\n<p><strong><strong>G\u00e4stebetreuung<\/strong><\/strong><\/p>\n<\/div><\/div>\n\n\n\n<div style=\"height:24px\" aria-hidden=\"true\" class=\"wp-block-spacer\"><\/div>\n\n\n\n<div class=\"wp-block-media-text alignwide is-stacked-on-mobile is-vertically-aligned-center\" style=\"grid-template-columns:19% auto\"><figure class=\"wp-block-media-text__media\"><img loading=\"lazy\" decoding=\"async\" width=\"266\" height=\"400\" src=\"https:\/\/hdb-albachten.de\/wp-content\/uploads\/2023\/05\/Mary_Wessels_2022.jpg\" alt=\"\" class=\"wp-image-684 size-full\" srcset=\"https:\/\/hdb-albachten.de\/wp-content\/uploads\/2023\/05\/Mary_Wessels_2022.jpg 266w, https:\/\/hdb-albachten.de\/wp-content\/uploads\/2023\/05\/Mary_Wessels_2022-200x300.jpg 200w\" sizes=\"auto, (max-width: 266px) 100vw, 266px\" \/><\/figure><div class=\"wp-block-media-text__content\">\n<h3 class=\"wp-block-heading\">Mary Wessels<\/h3>\n\n\n\n<p><strong><strong>G\u00e4stebetreuung<\/strong><\/strong><\/p>\n<\/div><\/div>\n\n\n\n<div style=\"height:100px\" aria-hidden=\"true\" class=\"wp-block-spacer\"><\/div>\n\n\n\n<p>Bei <strong>technischen Fragen<\/strong> rund um Licht-, Ton- &amp; Haustechnik hilft Ihnen:<\/p>\n\n\n\n<div class=\"wp-block-media-text alignwide is-stacked-on-mobile is-vertically-aligned-center\" style=\"grid-template-columns:19% auto\"><figure class=\"wp-block-media-text__media\"><img loading=\"lazy\" decoding=\"async\" width=\"266\" height=\"400\" src=\"https:\/\/hdb-albachten.de\/wp-content\/uploads\/2023\/05\/Lucas_Roesmann_2022.jpg\" alt=\"\" class=\"wp-image-685 size-full\" srcset=\"https:\/\/hdb-albachten.de\/wp-content\/uploads\/2023\/05\/Lucas_Roesmann_2022.jpg 266w, https:\/\/hdb-albachten.de\/wp-content\/uploads\/2023\/05\/Lucas_Roesmann_2022-200x300.jpg 200w\" sizes=\"auto, (max-width: 266px) 100vw, 266px\" \/><\/figure><div class=\"wp-block-media-text__content\">\n<h3 class=\"wp-block-heading\">Lucas R\u00f6smann<\/h3>\n\n\n\n<p><strong>Technische Leitung<\/strong><br><a href=\"mailto:roesmann@hdb-albachten.de\" target=\"_blank\" rel=\"noreferrer noopener\">roesmann@hdb-albachten.de<\/a><\/p>\n<\/div><\/div>\n","protected":false},"excerpt":{"rendered":"<p>F\u00fcr vertragliche Angelegenheiten, Buchungen oder andere terminliche Absprachen rund um die Raumnutzung k\u00f6nnen Sie sich wenden an: Stefan Toedtmann Gesch\u00e4ftsf\u00fchrermail@hdb-albachten.de Tel.: 02536 &#8211; 31 84 29, erreichbarmittwochs und freitags zwischen09.30-12.30 Uhr Anke Eggelsmann Betreuung der Vereine, Hausverwaltung Bei allgemeinen Fragen zum Haus der Begegnung, zu externen Kooperationen, und Einzelprojekten des Tr\u00e4gervereins geben Ihnen gerne Auskunft: Andreas Dondrup Sprecher des Vorstandsdondrup@hdb-albachten.de Bei&nbsp;Planung &amp; Vorbereitung&nbsp;Ihrer Veranstaltung vor Ort sind Ihre Ansprechpartnerinnen: Doris Hauphoff G\u00e4stebetreuung Mary Wessels G\u00e4stebetreuung Bei technischen Fragen rund um Licht-, Ton- &amp; Haustechnik hilft Ihnen: Lucas R\u00f6smann Technische Leitungroesmann@hdb-albachten.de<\/p>\n","protected":false},"author":1,"featured_media":0,"parent":0,"menu_order":0,"comment_status":"closed","ping_status":"closed","template":"","meta":{"ngg_post_thumbnail":0,"footnotes":""},"class_list":["post-10","page","type-page","status-publish","hentry"],"publishpress_future_action":{"enabled":false,"date":"2026-05-13 13:37:46","action":"change-status","newStatus":"draft","terms":[],"taxonomy":"","extraData":[]},"publishpress_future_workflow_manual_trigger":{"enabledWorkflows":[]},"_links":{"self":[{"href":"https:\/\/hdb-albachten.de\/index.php\/wp-json\/wp\/v2\/pages\/10","targetHints":{"allow":["GET"]}}],"collection":[{"href":"https:\/\/hdb-albachten.de\/index.php\/wp-json\/wp\/v2\/pages"}],"about":[{"href":"https:\/\/hdb-albachten.de\/index.php\/wp-json\/wp\/v2\/types\/page"}],"author":[{"embeddable":true,"href":"https:\/\/hdb-albachten.de\/index.php\/wp-json\/wp\/v2\/users\/1"}],"replies":[{"embeddable":true,"href":"https:\/\/hdb-albachten.de\/index.php\/wp-json\/wp\/v2\/comments?post=10"}],"version-history":[{"count":13,"href":"https:\/\/hdb-albachten.de\/index.php\/wp-json\/wp\/v2\/pages\/10\/revisions"}],"predecessor-version":[{"id":4151,"href":"https:\/\/hdb-albachten.de\/index.php\/wp-json\/wp\/v2\/pages\/10\/revisions\/4151"}],"wp:attachment":[{"href":"https:\/\/hdb-albachten.de\/index.php\/wp-json\/wp\/v2\/media?parent=10"}],"curies":[{"name":"wp","href":"https:\/\/api.w.org\/{rel}","templated":true}]}}