{"id":12,"date":"2023-05-25T09:40:51","date_gmt":"2023-05-25T07:40:51","guid":{"rendered":"https:\/\/hdb-albachten.de\/?page_id=12"},"modified":"2025-05-09T07:59:05","modified_gmt":"2025-05-09T05:59:05","slug":"ueber-uns","status":"publish","type":"page","link":"https:\/\/hdb-albachten.de\/index.php\/ueber-uns\/","title":{"rendered":"\u00dcber uns"},"content":{"rendered":"\n<p>Urspr\u00fcnglich als Forum f\u00fcr die zahlreichen kulturellen Veranstaltungen des m\u00fcnsterischen Stadtteils Albachten konzipiert, hat sich das Haus der Begegnung seit seiner Er\u00f6ffnung im Jahr 2007 zu einem Veranstaltungszentrum mit \u00fcberregionalem Einzugsbereich entwickelt.<\/p>\n\n\n\n<figure class=\"wp-block-image size-full is-resized is-style-default\"><img loading=\"lazy\" decoding=\"async\" width=\"2048\" height=\"1073\" src=\"https:\/\/hdb-albachten.de\/wp-content\/uploads\/2025\/05\/2025_03-Vorstand-2-web.jpg\" alt=\"\" class=\"wp-image-4498\" style=\"width:838px;height:auto\" srcset=\"https:\/\/hdb-albachten.de\/wp-content\/uploads\/2025\/05\/2025_03-Vorstand-2-web.jpg 2048w, https:\/\/hdb-albachten.de\/wp-content\/uploads\/2025\/05\/2025_03-Vorstand-2-web-500x262.jpg 500w, https:\/\/hdb-albachten.de\/wp-content\/uploads\/2025\/05\/2025_03-Vorstand-2-web-1024x537.jpg 1024w, https:\/\/hdb-albachten.de\/wp-content\/uploads\/2025\/05\/2025_03-Vorstand-2-web-200x105.jpg 200w, https:\/\/hdb-albachten.de\/wp-content\/uploads\/2025\/05\/2025_03-Vorstand-2-web-768x402.jpg 768w, https:\/\/hdb-albachten.de\/wp-content\/uploads\/2025\/05\/2025_03-Vorstand-2-web-1536x805.jpg 1536w, https:\/\/hdb-albachten.de\/wp-content\/uploads\/2025\/05\/2025_03-Vorstand-2-web-800x419.jpg 800w\" sizes=\"auto, (max-width: 2048px) 100vw, 2048px\" \/><\/figure>\n\n\n\n<p>Nicht zuletzt aufgrund seiner speziellen, f\u00fcr mittelgro\u00dfe Veranstaltungen idealen, Dimension, seinem einladenden Ambiente und der professionellen Ausstattung, bietet das Forum seinen G\u00e4sten einen geeigneten Ort, um auch anspruchsvolle Projekte zu verwirklichen. In M\u00fcnster und Umgebung ist das Haus der Begegnung mit der Kombination dieser Eigenschaften bislang einzigartig.<\/p>\n\n\n\n<p>Neben regelm\u00e4\u00dfiger Nutzung durch Unternehmen, Verb\u00e4nde, Hochschulen, sowie Radio und Fernsehen finden auch immer mehr renommierte K\u00fcnstler aus der nationalen und internationalen Musikszene ihren Weg zu uns und bereichern so das kulturelle Leben in M\u00fcnster.<\/p>\n\n\n\n<p>Verwaltet wird das Forum vom &#8222;Tr\u00e4gerverein Haus der Begegnung Albachten e.V.&#8220;, der aus einer Initiative engagierter Albachtener B\u00fcrger im Jahr 1990 hervorging und das Projekt bis zur seiner Verwirklichung mit gro\u00dfem Einsatz seiner Mitglieder beharrlich vorantrieb. Mit der Schl\u00fcssel\u00fcbergabe durch den damaligen Oberb\u00fcrgermeister der Stadt M\u00fcnster, Berthold Tillmann, wurde das Haus schlie\u00dflich am 20. April 2007 seiner Bestimmung \u00fcbergeben. Der Tr\u00e4gerverein erhielt zu diesem Zeitpunkt gleichzeitig alle Rechten und Pflichten zum eigenst\u00e4ndigen Betrieb des Forums. Das Geb\u00e4ude verblieb im Eigentum der Stadt M\u00fcnster.<\/p>\n\n\n\n<p>Bis heute arbeitet der Tr\u00e4gerverein, trotz stetig zunehmender Auslastung, rein ehrenamtlich.<\/p>\n","protected":false},"excerpt":{"rendered":"<p>Urspr\u00fcnglich als Forum f\u00fcr die zahlreichen kulturellen Veranstaltungen des m\u00fcnsterischen Stadtteils Albachten konzipiert, hat sich das Haus der Begegnung seit seiner Er\u00f6ffnung im Jahr 2007 zu einem Veranstaltungszentrum mit \u00fcberregionalem Einzugsbereich entwickelt. Nicht zuletzt aufgrund seiner speziellen, f\u00fcr mittelgro\u00dfe Veranstaltungen idealen, Dimension, seinem einladenden Ambiente und der professionellen Ausstattung, bietet das Forum seinen G\u00e4sten einen geeigneten Ort, um auch anspruchsvolle Projekte zu verwirklichen. In M\u00fcnster und Umgebung ist das Haus der Begegnung mit der Kombination dieser Eigenschaften bislang einzigartig. Neben regelm\u00e4\u00dfiger Nutzung durch Unternehmen, Verb\u00e4nde, Hochschulen, sowie Radio und Fernsehen finden auch immer mehr renommierte K\u00fcnstler aus der nationalen und internationalen Musikszene ihren Weg zu uns und bereichern so das kulturelle Leben in M\u00fcnster. Verwaltet wird das Forum vom &#8222;Tr\u00e4gerverein Haus der Begegnung Albachten e.V.&#8220;, der aus einer Initiative engagierter Albachtener B\u00fcrger im Jahr 1990 hervorging und das Projekt bis zur seiner Verwirklichung mit gro\u00dfem Einsatz seiner Mitglieder beharrlich vorantrieb. Mit der&hellip;<\/p>\n","protected":false},"author":1,"featured_media":0,"parent":0,"menu_order":0,"comment_status":"closed","ping_status":"closed","template":"","meta":{"ngg_post_thumbnail":0,"footnotes":""},"class_list":["post-12","page","type-page","status-publish","hentry"],"publishpress_future_action":{"enabled":false,"date":"2026-05-16 08:40:23","action":"change-status","newStatus":"draft","terms":[],"taxonomy":"","extraData":[]},"publishpress_future_workflow_manual_trigger":{"enabledWorkflows":[]},"_links":{"self":[{"href":"https:\/\/hdb-albachten.de\/index.php\/wp-json\/wp\/v2\/pages\/12","targetHints":{"allow":["GET"]}}],"collection":[{"href":"https:\/\/hdb-albachten.de\/index.php\/wp-json\/wp\/v2\/pages"}],"about":[{"href":"https:\/\/hdb-albachten.de\/index.php\/wp-json\/wp\/v2\/types\/page"}],"author":[{"embeddable":true,"href":"https:\/\/hdb-albachten.de\/index.php\/wp-json\/wp\/v2\/users\/1"}],"replies":[{"embeddable":true,"href":"https:\/\/hdb-albachten.de\/index.php\/wp-json\/wp\/v2\/comments?post=12"}],"version-history":[{"count":7,"href":"https:\/\/hdb-albachten.de\/index.php\/wp-json\/wp\/v2\/pages\/12\/revisions"}],"predecessor-version":[{"id":4499,"href":"https:\/\/hdb-albachten.de\/index.php\/wp-json\/wp\/v2\/pages\/12\/revisions\/4499"}],"wp:attachment":[{"href":"https:\/\/hdb-albachten.de\/index.php\/wp-json\/wp\/v2\/media?parent=12"}],"curies":[{"name":"wp","href":"https:\/\/api.w.org\/{rel}","templated":true}]}}