{"id":17,"date":"2023-05-25T09:45:44","date_gmt":"2023-05-25T07:45:44","guid":{"rendered":"https:\/\/hdb-albachten.de\/?page_id=17"},"modified":"2023-05-25T09:45:44","modified_gmt":"2023-05-25T07:45:44","slug":"referenzen","status":"publish","type":"page","link":"https:\/\/hdb-albachten.de\/index.php\/referenzen\/","title":{"rendered":"Referenzen"},"content":{"rendered":"\n<p>Viele regionale und \u00fcberregionale G\u00e4ste haben bereits Station im Haus der Begegnung gemacht. Auch internationale Akteure finden sich zunehmend in unserer G\u00e4steliste. Hier eine kleine Auswahl:<\/p>\n\n\n\n<p>Jan Plewka (Selig, TempEau, Zinoba) &amp; die Schwarz-Rote Heilsarmee<br>WDR 5 Radio<br>WDR Fernsehstudio M\u00fcnster<br>St\u00e4dtische B\u00fchnen M\u00fcnster<br>Fachhochschule M\u00fcnster<br>FIFA &#8222;Public Viewing&#8220; Standort der Fu\u00dfballwelt- und Europameisterschaften<br>Stadt M\u00fcnster<br>Westf\u00e4lischer Landschaftsverband<br>dm-Drogeriem\u00e4rkte<br>Adam OPEL AG<br>Deutsches Rotes Kreuz<br>Helbling Verlag<br>Ballettschule Heidi Sievert<br>chor and more, Musical &#8222;Mirjam&#8220;<br>Gospelprojekt &#8222;God&#8217;s Black Sheep&#8220;<br>Chorverband NRW<br>Blechbl\u00e4serensemble Embrassy<br>David Salomon Jarquin<br>Rigmor Gustafsson und das radio.string.quartet.vienna<br>Susann Kobus<br>Wilhelm Rodenberg<br>Gianmaria Testa Trio<br>Vienna Teng und Band<br>Jan Baruschke und Band<br>Ketil Bj\u00f6rnstad<br>Allan Taylor<br>u.v.m.<\/p>\n","protected":false},"excerpt":{"rendered":"<p>Viele regionale und \u00fcberregionale G\u00e4ste haben bereits Station im Haus der Begegnung gemacht. Auch internationale Akteure finden sich zunehmend in unserer G\u00e4steliste. Hier eine kleine Auswahl: Jan Plewka (Selig, TempEau, Zinoba) &amp; die Schwarz-Rote HeilsarmeeWDR 5 RadioWDR Fernsehstudio M\u00fcnsterSt\u00e4dtische B\u00fchnen M\u00fcnsterFachhochschule M\u00fcnsterFIFA &#8222;Public Viewing&#8220; Standort der Fu\u00dfballwelt- und EuropameisterschaftenStadt M\u00fcnsterWestf\u00e4lischer Landschaftsverbanddm-Drogeriem\u00e4rkteAdam OPEL AGDeutsches Rotes KreuzHelbling VerlagBallettschule Heidi Sievertchor and more, Musical &#8222;Mirjam&#8220;Gospelprojekt &#8222;God&#8217;s Black Sheep&#8220;Chorverband NRWBlechbl\u00e4serensemble EmbrassyDavid Salomon JarquinRigmor Gustafsson und das radio.string.quartet.viennaSusann KobusWilhelm RodenbergGianmaria Testa TrioVienna Teng und BandJan Baruschke und BandKetil Bj\u00f6rnstadAllan Tayloru.v.m.<\/p>\n","protected":false},"author":1,"featured_media":0,"parent":0,"menu_order":0,"comment_status":"closed","ping_status":"closed","template":"","meta":{"ngg_post_thumbnail":0,"footnotes":""},"class_list":["post-17","page","type-page","status-publish","hentry"],"publishpress_future_action":{"enabled":false,"date":"2026-05-22 10:11:37","action":"change-status","newStatus":"draft","terms":[],"taxonomy":"","extraData":[]},"publishpress_future_workflow_manual_trigger":{"enabledWorkflows":[]},"_links":{"self":[{"href":"https:\/\/hdb-albachten.de\/index.php\/wp-json\/wp\/v2\/pages\/17","targetHints":{"allow":["GET"]}}],"collection":[{"href":"https:\/\/hdb-albachten.de\/index.php\/wp-json\/wp\/v2\/pages"}],"about":[{"href":"https:\/\/hdb-albachten.de\/index.php\/wp-json\/wp\/v2\/types\/page"}],"author":[{"embeddable":true,"href":"https:\/\/hdb-albachten.de\/index.php\/wp-json\/wp\/v2\/users\/1"}],"replies":[{"embeddable":true,"href":"https:\/\/hdb-albachten.de\/index.php\/wp-json\/wp\/v2\/comments?post=17"}],"version-history":[{"count":1,"href":"https:\/\/hdb-albachten.de\/index.php\/wp-json\/wp\/v2\/pages\/17\/revisions"}],"predecessor-version":[{"id":18,"href":"https:\/\/hdb-albachten.de\/index.php\/wp-json\/wp\/v2\/pages\/17\/revisions\/18"}],"wp:attachment":[{"href":"https:\/\/hdb-albachten.de\/index.php\/wp-json\/wp\/v2\/media?parent=17"}],"curies":[{"name":"wp","href":"https:\/\/api.w.org\/{rel}","templated":true}]}}