{"id":3634,"date":"2023-11-20T11:28:13","date_gmt":"2023-11-20T10:28:13","guid":{"rendered":"https:\/\/hdb-albachten.de\/?page_id=3634"},"modified":"2024-03-07T20:42:53","modified_gmt":"2024-03-07T19:42:53","slug":"anfahrt-3","status":"publish","type":"page","link":"https:\/\/hdb-albachten.de\/index.php\/anfahrt-3\/","title":{"rendered":"Anfahrt"},"content":{"rendered":"\n<p>Mit einer Entfernung von nur 8 Kilometern zur Innenstadt von M\u00fcnster liegt das Haus der Begegnung im westlich gelegenen Stadtteil Albachten. In weniger als einer halben Stunde ist das Veranstaltungszentrum von der Innenstadt M\u00fcnsters aus mit Bus, Zug oder Auto g\u00fcnstig und schnell zu erreichen. Mehr als 100 kostenlose Parkpl\u00e4tze stehen in unmittelbarer N\u00e4he zum Geb\u00e4ude zur Verf\u00fcgung.<\/p>\n\n\n\n<h3 class=\"wp-block-heading\">Anfahrt mit \u00d6PNV aus M\u00fcnster<\/h3>\n\n\n\n<p>Die Buslinie 15 sowie der Nachtbus N84 der Stadtwerke M\u00fcnster fahren im 20-Minuten-Takt in den Stadtteil Albachten. Aussteigen k\u00f6nnen Sie an der Bushaltestelle &#8222;Hohe Geist&#8220;, die ca. 150m vom Haus der Begegnung entfernt ist.<\/p>\n\n\n\n<p>Der Fu\u00dfweg vom Bahnhof Albachten betr\u00e4gt ca. 1.300m. Sie k\u00f6nnen alternativ direkt vom Bahnhof (Bushaltestelle &#8222;Albachten Bahnhof&#8220;) den Bus Richtung M\u00fcnster-Innenstadt nutzen. Bitte steigen Sie dann an der Bushaltestelle &#8222;Hohe Geist&#8220; aus.<\/p>\n\n\n\n<h3 class=\"wp-block-heading\">Anfahrt mit dem Auto<\/h3>\n\n\n\n<iframe loading=\"lazy\" src=\"https:\/\/www.hdb-albachten.de\/karte\/abfrage.html\" width=\"100%\" height=\"450px\"><\/iframe\n\n\n\n<p><strong>aus Richtung M\u00fcnster:<\/strong>&nbsp;\u00dcber die Weseler Stra\u00dfe (L551) stadtausw\u00e4rts, Richtung Mecklenbeck\/Albachten. In Albachten an der Ampelkreuzung links in die Osthofstra\u00dfe abbiegen (Richtung Senden). Die n\u00e4chstm\u00f6gliche Stra\u00dfe (Hohe Geist) wieder links abbiegen. Nach etwa 150m liegt das Haus der Begegnung auf der rechten Seite, direkt neben der Ludgerus-Grundschule.<\/p>\n\n\n\n<p><strong>\u00fcber die Autobahn:<\/strong>&nbsp;A1 aus Richtung Dortmund oder Bremen<br>\u00dcber die A1 im Kreuz M\u00fcnster-S\u00fcd auf die A 43 Richtung Wuppertal. An der Ausfahrt &#8222;Senden&#8220; abfahren. Links auf die B 235 Richtung B\u00f6sensell\/Havixbeck. An der Kreuzung rechts Richtung M\u00fcnster\/Albachten. Am Ortseingang den Kreisverkehr passieren. An der Ampelkreuzung rechts Richtung Senden abbiegen. Die n\u00e4chstm\u00f6gliche Stra\u00dfe (Hohe Geist) links abbiegen. Nach etwa 150m liegt das HdB auf der rechten Seite, direkt neben der Ludgerus-Grundschule.<\/p>\n\n\n\n<p><strong>Mit Navigationssystem:<\/strong>&nbsp;Die Zieladresse f\u00fcr die Eingabe in ein Navigationssystem lautet:<br>Hohe Geist 8<br>48163 M\u00fcnster<\/p>\n\n\n\n<h3 class=\"wp-block-heading\">Umgebung und Au\u00dfenanlagen<\/h3>\n\n\n\n<p>Das Haus der Begegnung liegt innerhalb eines Wohngebiets in direkter N\u00e4he zu Schule und Sportanlage. Die gr\u00fcne Umgebung und die Lage an einer Seitenstra\u00dfe abseits des Durchgangsverkehrs sind ideale Voraussetzungen, damit unsere G\u00e4ste sich auch vor und nach den Veranstaltungen rundum wohlf\u00fchlen.<\/p>\n\n\n\n<h3 class=\"wp-block-heading\">\u00dcbernachtung<\/h3>\n\n\n\n<p>Sollten Sie von au\u00dferhalb M\u00fcnsters anreisen, bieten zahlreiche Hotels und Gastst\u00e4tten in M\u00fcnster und Albachten die M\u00f6glichkeit Ihren Aufenthalt \u00fcber den Veranstaltungstag hinaus zu verl\u00e4ngern. N\u00e4here Informationen und Buchungsm\u00f6glichkeiten erhalten Sie unter:<\/p>\n\n\n\n<ul class=\"wp-block-list\">\n<li><a href=\"http:\/\/www.muenster.de\/stadt\/tourismus\/\" target=\"_blank\" rel=\"noreferrer noopener\">M\u00fcnster Marketing<\/a><\/li>\n\n\n\n<li><a href=\"http:\/\/www.muensterland-tourismus.de\/\" target=\"_blank\" rel=\"noreferrer noopener\">M\u00fcnsterland-Tourismus<\/a><\/li>\n<\/ul>\n","protected":false},"excerpt":{"rendered":"<p>Mit einer Entfernung von nur 8 Kilometern zur Innenstadt von M\u00fcnster liegt das Haus der Begegnung im westlich gelegenen Stadtteil Albachten. In weniger als einer halben Stunde ist das Veranstaltungszentrum von der Innenstadt M\u00fcnsters aus mit Bus, Zug oder Auto g\u00fcnstig und schnell zu erreichen. Mehr als 100 kostenlose Parkpl\u00e4tze stehen in unmittelbarer N\u00e4he zum Geb\u00e4ude zur Verf\u00fcgung. Anfahrt mit \u00d6PNV aus M\u00fcnster Die Buslinie 15 sowie der Nachtbus N84 der Stadtwerke M\u00fcnster fahren im 20-Minuten-Takt in den Stadtteil Albachten. Aussteigen k\u00f6nnen Sie an der Bushaltestelle &#8222;Hohe Geist&#8220;, die ca. 150m vom Haus der Begegnung entfernt ist. Der Fu\u00dfweg vom Bahnhof Albachten betr\u00e4gt ca. 1.300m. Sie k\u00f6nnen alternativ direkt vom Bahnhof (Bushaltestelle &#8222;Albachten Bahnhof&#8220;) den Bus Richtung M\u00fcnster-Innenstadt nutzen. Bitte steigen Sie dann an der Bushaltestelle &#8222;Hohe Geist&#8220; aus. Anfahrt mit dem Auto<\/p>\n","protected":false},"author":1,"featured_media":0,"parent":0,"menu_order":0,"comment_status":"closed","ping_status":"closed","template":"","meta":{"ngg_post_thumbnail":0,"footnotes":""},"class_list":["post-3634","page","type-page","status-publish","hentry"],"publishpress_future_action":{"enabled":false,"date":"2026-05-16 04:40:28","action":"change-status","newStatus":"draft","terms":[],"taxonomy":"","extraData":[]},"publishpress_future_workflow_manual_trigger":{"enabledWorkflows":[]},"_links":{"self":[{"href":"https:\/\/hdb-albachten.de\/index.php\/wp-json\/wp\/v2\/pages\/3634","targetHints":{"allow":["GET"]}}],"collection":[{"href":"https:\/\/hdb-albachten.de\/index.php\/wp-json\/wp\/v2\/pages"}],"about":[{"href":"https:\/\/hdb-albachten.de\/index.php\/wp-json\/wp\/v2\/types\/page"}],"author":[{"embeddable":true,"href":"https:\/\/hdb-albachten.de\/index.php\/wp-json\/wp\/v2\/users\/1"}],"replies":[{"embeddable":true,"href":"https:\/\/hdb-albachten.de\/index.php\/wp-json\/wp\/v2\/comments?post=3634"}],"version-history":[{"count":11,"href":"https:\/\/hdb-albachten.de\/index.php\/wp-json\/wp\/v2\/pages\/3634\/revisions"}],"predecessor-version":[{"id":4045,"href":"https:\/\/hdb-albachten.de\/index.php\/wp-json\/wp\/v2\/pages\/3634\/revisions\/4045"}],"wp:attachment":[{"href":"https:\/\/hdb-albachten.de\/index.php\/wp-json\/wp\/v2\/media?parent=3634"}],"curies":[{"name":"wp","href":"https:\/\/api.w.org\/{rel}","templated":true}]}}