{"id":3652,"date":"2023-11-20T11:59:37","date_gmt":"2023-11-20T10:59:37","guid":{"rendered":"https:\/\/hdb-albachten.de\/?page_id=3652"},"modified":"2023-11-20T20:34:51","modified_gmt":"2023-11-20T19:34:51","slug":"impressum-2","status":"publish","type":"page","link":"https:\/\/hdb-albachten.de\/index.php\/impressum-2\/","title":{"rendered":"Impressum"},"content":{"rendered":"\n<h3 class=\"wp-block-heading\">Postalische Anschrift<\/h3>\n\n\n\n<p><strong>Tr\u00e4gerverein Haus der Begegnung Albachten e.V.<\/strong><br>Sendener Stiege 42<br>48163 M\u00fcnster<\/p>\n\n\n\n<p>Telefon: 02536 &#8211; 31 84 29<br>eMail:\u00a0\u00a0<a href=\"mailto:mail@hdb-albachten.de\">mail@hdb-albachten.de<\/a><br><br>erreichbar von montags bis freitags zwischen 10.00-12.00 Uhr und 15.00-18.00 Uhr<br><br>Der Verein ist eingetragen im Vereinsregister des Amtsgerichts M\u00fcnster unter der Nummer VR 3336<\/p>\n\n\n\n<h3 class=\"wp-block-heading\">Realisierung des Internetauftritts<\/h3>\n\n\n\n<p><strong>Hohmann Deisgn und Text GbR<\/strong><br><a href=\"https:\/\/www.design-text.de\" data-type=\"link\" data-id=\"https:\/\/www.design-text.de\" target=\"_blank\" rel=\"noreferrer noopener\">www.design-text.de<\/a><\/p>\n\n\n\n<h3 class=\"wp-block-heading\">Inhalte:<\/h3>\n\n\n\n<p>Die Informationen auf dieser Website werden von uns in regelm\u00e4\u00dfigen Abst\u00e4nden gepr\u00fcft und aktualisiert. Da Eingabe- und \u00dcbertragungsfehler jedoch nicht v\u00f6llig ausgeschlossen werden k\u00f6nnen, kann die Richtigkeit der Inhalte nicht garantiert werden. Eine Haftung oder Garantie f\u00fcr Aktualit\u00e4t, Richtigkeit und Vollst\u00e4ndigkeit der zur Verf\u00fcgung gestellten Informationen wird daher von uns nicht \u00fcbernommen.<\/p>\n\n\n\n<h3 class=\"wp-block-heading\">Bildquellen:<\/h3>\n\n\n\n<p><strong>Header-Illustration HdB:<\/strong> \u00a9 Arnold Hohmann (Hohmann Design und Text GbR)<br><strong>Standardbild Publikum (Veranstaltung):<\/strong> \u00a9 9parusnikov \u2013 stock.adobe.com<br><strong>Hintergrundbild Karte (Anfahrt):<\/strong> \u00a9 netsign \u2013 stock.adobe.com<\/p>\n\n\n\n<h3 class=\"wp-block-heading\">Links:<\/h3>\n\n\n\n<p>Wir \u00fcbernehmen keine Haftung f\u00fcr Websites, auf die mittels Hyperlink verwiesen wird. Die Verantwortung f\u00fcr die Inhalte dieser Websites liegt ausschlie\u00dflich bei den jeweiligen Betreibern.<\/p>\n\n\n\n<h3 class=\"wp-block-heading\">&#8230; und ein abschlie\u00dfender Hinweis:<\/h3>\n\n\n\n<p><strong>Der Tr\u00e4gerverein Haus der Begegnung Albachten e.V. arbeitet rein ehrenamtlich.<\/strong><\/p>\n","protected":false},"excerpt":{"rendered":"<p>Postalische Anschrift Tr\u00e4gerverein Haus der Begegnung Albachten e.V.Sendener Stiege 4248163 M\u00fcnster Telefon: 02536 &#8211; 31 84 29eMail:\u00a0\u00a0mail@hdb-albachten.de erreichbar von montags bis freitags zwischen 10.00-12.00 Uhr und 15.00-18.00 Uhr Der Verein ist eingetragen im Vereinsregister des Amtsgerichts M\u00fcnster unter der Nummer VR 3336 Realisierung des Internetauftritts Hohmann Deisgn und Text GbRwww.design-text.de Inhalte: Die Informationen auf dieser Website werden von uns in regelm\u00e4\u00dfigen Abst\u00e4nden gepr\u00fcft und aktualisiert. Da Eingabe- und \u00dcbertragungsfehler jedoch nicht v\u00f6llig ausgeschlossen werden k\u00f6nnen, kann die Richtigkeit der Inhalte nicht garantiert werden. Eine Haftung oder Garantie f\u00fcr Aktualit\u00e4t, Richtigkeit und Vollst\u00e4ndigkeit der zur Verf\u00fcgung gestellten Informationen wird daher von uns nicht \u00fcbernommen. Bildquellen: Header-Illustration HdB: \u00a9 Arnold Hohmann (Hohmann Design und Text GbR)Standardbild Publikum (Veranstaltung): \u00a9 9parusnikov \u2013 stock.adobe.comHintergrundbild Karte (Anfahrt): \u00a9 netsign \u2013 stock.adobe.com Links: Wir \u00fcbernehmen keine Haftung f\u00fcr Websites, auf die mittels Hyperlink verwiesen wird. Die Verantwortung f\u00fcr die Inhalte dieser Websites liegt ausschlie\u00dflich bei den jeweiligen Betreibern.&hellip;<\/p>\n","protected":false},"author":1,"featured_media":0,"parent":0,"menu_order":0,"comment_status":"closed","ping_status":"closed","template":"","meta":{"ngg_post_thumbnail":0,"footnotes":""},"class_list":["post-3652","page","type-page","status-publish","hentry"],"publishpress_future_action":{"enabled":false,"date":"2026-05-16 04:45:03","action":"change-status","newStatus":"draft","terms":[],"taxonomy":"","extraData":[]},"publishpress_future_workflow_manual_trigger":{"enabledWorkflows":[]},"_links":{"self":[{"href":"https:\/\/hdb-albachten.de\/index.php\/wp-json\/wp\/v2\/pages\/3652","targetHints":{"allow":["GET"]}}],"collection":[{"href":"https:\/\/hdb-albachten.de\/index.php\/wp-json\/wp\/v2\/pages"}],"about":[{"href":"https:\/\/hdb-albachten.de\/index.php\/wp-json\/wp\/v2\/types\/page"}],"author":[{"embeddable":true,"href":"https:\/\/hdb-albachten.de\/index.php\/wp-json\/wp\/v2\/users\/1"}],"replies":[{"embeddable":true,"href":"https:\/\/hdb-albachten.de\/index.php\/wp-json\/wp\/v2\/comments?post=3652"}],"version-history":[{"count":9,"href":"https:\/\/hdb-albachten.de\/index.php\/wp-json\/wp\/v2\/pages\/3652\/revisions"}],"predecessor-version":[{"id":3733,"href":"https:\/\/hdb-albachten.de\/index.php\/wp-json\/wp\/v2\/pages\/3652\/revisions\/3733"}],"wp:attachment":[{"href":"https:\/\/hdb-albachten.de\/index.php\/wp-json\/wp\/v2\/media?parent=3652"}],"curies":[{"name":"wp","href":"https:\/\/api.w.org\/{rel}","templated":true}]}}