{"id":567,"date":"2023-05-26T12:35:34","date_gmt":"2023-05-26T10:35:34","guid":{"rendered":"https:\/\/hdb-albachten.de\/?page_id=567"},"modified":"2024-05-22T17:30:36","modified_gmt":"2024-05-22T15:30:36","slug":"test","status":"publish","type":"page","link":"https:\/\/hdb-albachten.de\/","title":{"rendered":"Forum f\u00fcr Kultur und Schule"},"content":{"rendered":"\n<h1 class=\"wp-block-heading\"><strong><font style=\"white-space=\"nowrap;\">Forum f\u00fcr Kultur<font class=\"zusatzpadding\">\u2022<\/font><\/font>\n<font style=\"white-space=\"nowrap;\"><font class=\"zusatzpadding\" >\u2022<\/font>und Schule<\/font><\/strong>\n<img decoding=\"async\" src=\"https:\/\/hdb-albachten.de\/wp-content\/uploads\/2023\/05\/HdB-nurLogo.png\" alt=\"HDB-Albachten\" class=\"hdb-logo-home\">\n<br>\n<span class=\"greyground\">\n<font style=\"whites-pace: nowrap;\">\nDas Haus der Begegnung\n\n<font class=\"zusatzpadding\">\u2022<br><\/font>\n<\/font>\n\n\n<font class=\"zusatzpadding\">||<\/font>\n<span style=\"whites-pace: nowrap;\">in \nAlbachten<\/span>\n\n\n<br><\/h1>\n\n<div class=\"pikto-bkg\" style=\"z-index: 5000;\">\n<em>\n<a href=\"https:\/\/hdb-albachten.de\/index.php\/anfahrt-3\/\">\n<img decoding=\"async\" src=\"https:\/\/hdb-albachten.de\/wp-content\/uploads\/2023\/05\/anfahrt.png\" alt=\"Anfahrt\" class=\"hdb-pikto-home hdb-anfahrt-home\"><\/a>\n\n<a href=\"mailto:mail@hdb-albachten.de\">\n<img decoding=\"async\" src=\"https:\/\/hdb-albachten.de\/wp-content\/uploads\/2023\/05\/mail.png\" alt=\"Mail\" class=\"hdb-pikto-home hdb-mail-home\"><\/a>\n\n<a href=\"https:\/\/hdb-albachten.de\/index.php\/veranstaltungen-2\/\">\n<img decoding=\"async\" src=\"https:\/\/hdb-albachten.de\/wp-content\/uploads\/2023\/05\/events.png\" alt=\"Veranstaltungen\" class=\"hdb-pikto-home hdb-event-home\"><\/a>\n<\/em><\/div>\n\n\n\n<div class=\"wp-block-columns is-layout-flex wp-container-core-columns-is-layout-9d6595d7 wp-block-columns-is-layout-flex\">\n<div class=\"wp-block-column is-layout-flow wp-block-column-is-layout-flow\" style=\"flex-basis:66.66%\">\n<h3 class=\"wp-block-heading\">Anstehende Events<\/h3>\n\n\n<ul class=\"wp-block-latest-posts__list hdb-blog wp-block-latest-posts\"><li><div class=\"wp-block-latest-posts__featured-image\"><a href=\"https:\/\/hdb-albachten.de\/index.php\/2026\/04\/13\/abschlusskonzert-vorspielwoche\/\" aria-label=\"Abschlusskonzert Vorspielwoche\"><img loading=\"lazy\" decoding=\"async\" width=\"141\" height=\"200\" src=\"https:\/\/hdb-albachten.de\/wp-content\/uploads\/2026\/04\/Vorspielwoche-141x200.jpg\" class=\"attachment-thumbnail size-thumbnail wp-post-image\" alt=\"\" style=\"\" srcset=\"https:\/\/hdb-albachten.de\/wp-content\/uploads\/2026\/04\/Vorspielwoche-141x200.jpg 141w, https:\/\/hdb-albachten.de\/wp-content\/uploads\/2026\/04\/Vorspielwoche-351x500.jpg 351w, https:\/\/hdb-albachten.de\/wp-content\/uploads\/2026\/04\/Vorspielwoche.jpg 666w\" sizes=\"auto, (max-width: 141px) 100vw, 141px\" \/><\/a><\/div><a class=\"wp-block-latest-posts__post-title\" href=\"https:\/\/hdb-albachten.de\/index.php\/2026\/04\/13\/abschlusskonzert-vorspielwoche\/\">Abschlusskonzert Vorspielwoche<\/a><div class=\"wp-block-latest-posts__post-excerpt\"><p><strong>10.05.2026, 11:00 Uhr<\/strong><\/p>\r\n<p>Abschlusskonzert der Vorspielwoche der Musikschule Albachten e.V.<\/p><\/div><\/li>\n<li><div class=\"wp-block-latest-posts__featured-image\"><a href=\"https:\/\/hdb-albachten.de\/index.php\/2025\/12\/28\/doc-esser-band-ein-doc-fuer-alle-faelle\/\" aria-label=\"Doc Esser &amp; Band &#8211; Ein Doc f\u00fcr alle F\u00e4lle!\"><img loading=\"lazy\" decoding=\"async\" width=\"184\" height=\"200\" src=\"https:\/\/hdb-albachten.de\/wp-content\/uploads\/2025\/12\/04_csm_Doc_Esser___Band_Foto_ce3cc21cca-184x200.jpg\" class=\"attachment-thumbnail size-thumbnail wp-post-image\" alt=\"\" style=\"\" srcset=\"https:\/\/hdb-albachten.de\/wp-content\/uploads\/2025\/12\/04_csm_Doc_Esser___Band_Foto_ce3cc21cca-184x200.jpg 184w, https:\/\/hdb-albachten.de\/wp-content\/uploads\/2025\/12\/04_csm_Doc_Esser___Band_Foto_ce3cc21cca-459x500.jpg 459w, https:\/\/hdb-albachten.de\/wp-content\/uploads\/2025\/12\/04_csm_Doc_Esser___Band_Foto_ce3cc21cca-940x1024.jpg 940w, https:\/\/hdb-albachten.de\/wp-content\/uploads\/2025\/12\/04_csm_Doc_Esser___Band_Foto_ce3cc21cca-768x837.jpg 768w, https:\/\/hdb-albachten.de\/wp-content\/uploads\/2025\/12\/04_csm_Doc_Esser___Band_Foto_ce3cc21cca-800x872.jpg 800w, https:\/\/hdb-albachten.de\/wp-content\/uploads\/2025\/12\/04_csm_Doc_Esser___Band_Foto_ce3cc21cca.jpg 1140w\" sizes=\"auto, (max-width: 184px) 100vw, 184px\" \/><\/a><\/div><a class=\"wp-block-latest-posts__post-title\" href=\"https:\/\/hdb-albachten.de\/index.php\/2025\/12\/28\/doc-esser-band-ein-doc-fuer-alle-faelle\/\">Doc Esser &amp; Band &#8211; Ein Doc f\u00fcr alle F\u00e4lle!<\/a><div class=\"wp-block-latest-posts__post-excerpt\"><p><strong>25.09.2026, 20:00 Uhr<\/strong><\/p>\r\n<p>Ein Rockstar, der Arzt wurde!<\/p><\/div><\/li>\n<li><div class=\"wp-block-latest-posts__featured-image\"><a href=\"https:\/\/hdb-albachten.de\/index.php\/2025\/12\/28\/jess-jochimsen-von-allen-guten-geistern\/\" aria-label=\"Jess Jochimsen &#8211; VON ALLEN GUTEN GEISTERN\"><img loading=\"lazy\" decoding=\"async\" width=\"160\" height=\"200\" src=\"https:\/\/hdb-albachten.de\/wp-content\/uploads\/2025\/12\/05_VAGGeister-1-Jess-Jochimsen-Fotofrafin-Britt-Schilling-160x200.jpg\" class=\"attachment-thumbnail size-thumbnail wp-post-image\" alt=\"\" style=\"\" srcset=\"https:\/\/hdb-albachten.de\/wp-content\/uploads\/2025\/12\/05_VAGGeister-1-Jess-Jochimsen-Fotofrafin-Britt-Schilling-160x200.jpg 160w, https:\/\/hdb-albachten.de\/wp-content\/uploads\/2025\/12\/05_VAGGeister-1-Jess-Jochimsen-Fotofrafin-Britt-Schilling-400x500.jpg 400w, https:\/\/hdb-albachten.de\/wp-content\/uploads\/2025\/12\/05_VAGGeister-1-Jess-Jochimsen-Fotofrafin-Britt-Schilling-819x1024.jpg 819w, https:\/\/hdb-albachten.de\/wp-content\/uploads\/2025\/12\/05_VAGGeister-1-Jess-Jochimsen-Fotofrafin-Britt-Schilling-768x960.jpg 768w, https:\/\/hdb-albachten.de\/wp-content\/uploads\/2025\/12\/05_VAGGeister-1-Jess-Jochimsen-Fotofrafin-Britt-Schilling-800x1000.jpg 800w, https:\/\/hdb-albachten.de\/wp-content\/uploads\/2025\/12\/05_VAGGeister-1-Jess-Jochimsen-Fotofrafin-Britt-Schilling.jpg 1080w\" sizes=\"auto, (max-width: 160px) 100vw, 160px\" \/><\/a><\/div><a class=\"wp-block-latest-posts__post-title\" href=\"https:\/\/hdb-albachten.de\/index.php\/2025\/12\/28\/jess-jochimsen-von-allen-guten-geistern\/\">Jess Jochimsen &#8211; VON ALLEN GUTEN GEISTERN<\/a><div class=\"wp-block-latest-posts__post-excerpt\"><p><strong>20.11.2026, 20:00 Uhr<\/strong><\/p>\r\n<p>Jess Jochimsen begegnet der um sich greifenden Hirn- und Herzvergletscherung mit\r\nseiner ganz eigenen Mischung aus kluger politischer Satire, sterbenssch\u00f6nen Songs\r\nund schreiend komischen Dias.<\/p><\/div><\/li>\n<\/ul><\/div>\n\n\n\n<div class=\"wp-block-column is-vertically-aligned-top willkommen is-layout-flow wp-block-column-is-layout-flow\" style=\"flex-basis:33.3%\">\n<h3 class=\"wp-block-heading\">Willkommen<\/h3>\n\n\n\n<p>Das Haus der Begegnung ist ein Kultur- und Veranstaltungszentrum f\u00fcr mittelgro\u00dfe und kleine Veranstaltungen im m\u00fcnsterischen Stadtteil Albachten. F\u00fcr Veranstaltungen aller Art stehen unseren G\u00e4sten neben einem gro\u00dfen <a href=\"https:\/\/hdb-albachten.de\/index.php\/raumangebot-2\/\">Veranstaltungssaal<\/a> mehrere <a href=\"https:\/\/hdb-albachten.de\/index.php\/raumangebot-2\/\">Mehrzweckr\u00e4ume<\/a>&nbsp;sowie ein gro\u00dfz\u00fcgiges&nbsp;<a href=\"https:\/\/hdb-albachten.de\/index.php\/raumangebot-2\/\">Foyer<\/a>&nbsp;mit Theke zur Verf\u00fcgung.<\/p>\n<\/div>\n<\/div>\n","protected":false},"excerpt":{"rendered":"<p>\u2022und Schule Das Haus der Begegnung \u2022 || in Albachten Anstehende Events Willkommen Das Haus der Begegnung ist ein Kultur- und Veranstaltungszentrum f\u00fcr mittelgro\u00dfe und kleine Veranstaltungen im m\u00fcnsterischen Stadtteil Albachten. F\u00fcr Veranstaltungen aller Art stehen unseren G\u00e4sten neben einem gro\u00dfen Veranstaltungssaal mehrere Mehrzweckr\u00e4ume&nbsp;sowie ein gro\u00dfz\u00fcgiges&nbsp;Foyer&nbsp;mit Theke zur Verf\u00fcgung.<\/p>\n","protected":false},"author":1,"featured_media":0,"parent":0,"menu_order":0,"comment_status":"closed","ping_status":"closed","template":"","meta":{"ngg_post_thumbnail":0,"footnotes":""},"class_list":["post-567","page","type-page","status-publish","hentry"],"publishpress_future_action":{"enabled":false,"date":"2026-05-16 04:48:33","action":"change-status","newStatus":"draft","terms":[],"taxonomy":"","extraData":[]},"publishpress_future_workflow_manual_trigger":{"enabledWorkflows":[]},"_links":{"self":[{"href":"https:\/\/hdb-albachten.de\/index.php\/wp-json\/wp\/v2\/pages\/567","targetHints":{"allow":["GET"]}}],"collection":[{"href":"https:\/\/hdb-albachten.de\/index.php\/wp-json\/wp\/v2\/pages"}],"about":[{"href":"https:\/\/hdb-albachten.de\/index.php\/wp-json\/wp\/v2\/types\/page"}],"author":[{"embeddable":true,"href":"https:\/\/hdb-albachten.de\/index.php\/wp-json\/wp\/v2\/users\/1"}],"replies":[{"embeddable":true,"href":"https:\/\/hdb-albachten.de\/index.php\/wp-json\/wp\/v2\/comments?post=567"}],"version-history":[{"count":125,"href":"https:\/\/hdb-albachten.de\/index.php\/wp-json\/wp\/v2\/pages\/567\/revisions"}],"predecessor-version":[{"id":4193,"href":"https:\/\/hdb-albachten.de\/index.php\/wp-json\/wp\/v2\/pages\/567\/revisions\/4193"}],"wp:attachment":[{"href":"https:\/\/hdb-albachten.de\/index.php\/wp-json\/wp\/v2\/media?parent=567"}],"curies":[{"name":"wp","href":"https:\/\/api.w.org\/{rel}","templated":true}]}}